{"id":258,"date":"2016-12-13T05:00:39","date_gmt":"2016-12-13T05:00:39","guid":{"rendered":"http:\/\/www.minerva-kb.com\/?page_id=4"},"modified":"2016-12-13T05:00:39","modified_gmt":"2016-12-13T05:00:39","slug":"knowledge-base","status":"publish","type":"page","link":"https:\/\/hjelp.hm24.no\/index.php\/knowledge-base\/","title":{"rendered":"Knowledge Base"},"content":{"rendered":"\n\t\t\t\t<div class=\"mkb-shortcode-container\"><div class=\"kb-header mkb-uuid-69ef92fb9cc11\" style=\"background-color: #ffffff;padding-top: 3em;padding-bottom: 3em;\"><style>.mkb-uuid-69ef92fb9cc11 .kb-search .kb-search__result-topic-name { background: #4a90e2; }.mkb-uuid-69ef92fb9cc11 .kb-search .kb-search__result-topic-name { color: #ffffff; }<\/style>\t\t\t\n\t\t\t\n\t\t\t<div class=\"kb-search\">\n\n\t\t\t\t\n\t\t\t\t\t\t\t\t<div class=\"kb-search__title\" style=\"font-size: 3em;color: #333333;\">\n\t\t\t\t\tTrenger litt hjelp?\t\t\t\t<\/div>\n\t\t\t\t\t\t\t\t<form class=\"kb-search__form\" action=\"https:\/\/hjelp.hm24.no\" method=\"get\" autocomplete=\"off\" novalidate>\n\n\t\t\t\t\t\n\t\t\t\t\t<div class=\"kb-search__input-wrap mkb-search-theme__minerva\"\n\t\t\t\t\t     style=\"border-color: #ffffff;background-color: #ffffff;width: 38em;\">\n\t\t\t\t\t\t<input type=\"hidden\" name=\"source\" value=\"kb\" \/>\n\t\t\t\t\t\t\t\t\t\t\t\t\t\t\t\t\t\t\t\t\t\t\t\t<input class=\"kb-search__input\"\n\t\t\t\t\t\t       name=\"s\"\n\t\t\t\t\t\t       placeholder=\"eks.: Installasjon\"\n\t\t\t\t\t\t       type=\"text\"\n\t\t\t\t\t\t       data-show-results-topic=\"1\"\n\t\t\t\t\t\t       data-topic-label=\"Emne\"\n\t\t\t\t\t\t       data-custom-topic-colors=\"\"\n\t\t\t\t\t\t       data-autofocus=\"1\"\n\t\t\t\t\t\t\t\/>\n\t\t\t\t\t\t<span class=\"kb-search__results-summary\">\n\t\t\t\t\t\t\t<i class=\"kb-search-request-indicator fa fa-circle-o-notch fa-spin fa-fw\"><\/i>\n\t\t\t\t\t\t\t<span class=\"kb-summary-text-holder\"><\/span>\n\t\t\t\t\t\t<\/span>\n\t\t\t\t\t\t\t\t\t\t\t\t\t<span class=\"kb-search__icon-holder\">\n\t\t\t\t\t\t\t\t<i class=\"kb-search__icon fa fa-search\"><\/i>\n\t\t\t\t\t\t\t<\/span>\n\t\t\t\t\t\t\t\t\t\t\t\t<a href=\"#\" class=\"kb-search__clear\" title=\"T\u00f8m s\u00f8k\">\n\t\t\t\t\t\t\t<i class=\"kb-search__clear-icon fa fa-times-circle\"><\/i>\n\t\t\t\t\t\t<\/a>\n\n\t\t\t\t\t\t<div class=\"kb-search__results kb-search__results--with-topics\"><\/div>\n\t\t\t\t\t<\/div>\n\n\t\t\t\t\t\n\t\t\t\t\t\n\t\t\t\t\t\t<div class=\"kb-search__tip\" style=\"color: #cccccc\">\n\t\t\t\t\t\t\tTips: Bruk pilene for \u00e5 navigere i resultatene, ESC for \u00e5 fokusere s\u00f8keinndata\t\t\t\t\t\t<\/div>\n\n\t\t\t\t\t\t\n\t\t\t\t\t\t\t\t\t<\/form>\n\n\t\t\t\t\n\t\t\t<\/div>\n\n\t\t\n\t\t<\/div>\n\t\t<\/div>\n\n<div class=\"mkb-shortcode-container\"><div class=\"mkb-home-topics mkb-columns mkb-columns-3\"><div class=\"mkb-row\">\t\t<div class=\"kb-topic topic-id-25\">\n\t\t\t<div class=\"kb-topic__inner\">\n\t\t\t\t<h3 class=\"kb-topic__title\" style=\"color: #4a90e2;\">\n\t\t\t\t\t\t\t\t\t\t\t<a class=\"kb-topic__title-link\" href=\"https:\/\/hjelp.hm24.no\/index.php\/kbtopic\/hosting\/\" style=\"color: #4a90e2;\">\n\t\t\t\t\t\t\t\t\t\t\t\t\t\t\t\t\t\t<span class=\"kb-topic__title-icon\">\n\t\t\t\t\t\t\t\t<i class=\"kb-topic__list-icon fa fa-list-alt\"><\/i>\n\t\t\t\t\t\t\t<\/span>\n\t\t\t\t\t\t\n\t\t\t\t\t\tHosting\n\t\t\t\t\t\t\t\t\t\t\t\t\t<span class=\"kb-topic__count\" style=\"background: #4a90e2; color: #ffffff;\">\n\t\t\t\t\t\t\t\t2 artikler\t\t\t\t\t\t\t<\/span>\n\t\t\t\t\t\t\t\t\t\t\t\t\t\t\t<\/a>\n\t\t\t\t\t\t\t\t<\/h3>\n\n\t\t\t\t\n                \n                    <div class=\"kb-topic__articles  kb-topic__articles--with-icons\">\n                        <ul>\n                                                                <li>\n                                        <a href=\"https:\/\/hjelp.hm24.no\/index.php\/kb\/hvordan-leser-jeg-epost-i-gmail-appen-android\/\">\n                                                                                            <i class=\"kb-topic__list-article-icon fa fa-book\"><\/i>\n                                                                                        <span class=\"kb-topic__list-article-title\">Hvordan leser jeg epost i Gmail-appen (Android)?<\/span>\n                                                                                                                                <\/a>\n                                    <\/li>\n                                                                    <li>\n                                        <a href=\"https:\/\/hjelp.hm24.no\/index.php\/kb\/oppsett-epost-pa-iphone-ipad\/\">\n                                                                                            <i class=\"kb-topic__list-article-icon fa fa-book\"><\/i>\n                                                                                        <span class=\"kb-topic__list-article-title\">Oppsett Epost p\u00e5 iPhone\/iPad<\/span>\n                                                                                                                                <\/a>\n                                    <\/li>\n                                                        <\/ul>\n\n                                            <\/div>\n                \t\t\t<\/div>\n\t\t<\/div>\n\t<div class=\"kb-topic-gap\"><\/div><div class=\"kb-topic-gap\"><\/div><\/div >\t\t<\/div>\n\t\t<\/div>\t\t","protected":false},"excerpt":{"rendered":"","protected":false},"author":1,"featured_media":0,"parent":0,"menu_order":0,"comment_status":"closed","ping_status":"closed","template":"minervakb-page-template","meta":{"inline_featured_image":false,"footnotes":""},"class_list":["post-258","page","type-page","status-publish","hentry"],"_links":{"self":[{"href":"https:\/\/hjelp.hm24.no\/index.php\/wp-json\/wp\/v2\/pages\/258","targetHints":{"allow":["GET"]}}],"collection":[{"href":"https:\/\/hjelp.hm24.no\/index.php\/wp-json\/wp\/v2\/pages"}],"about":[{"href":"https:\/\/hjelp.hm24.no\/index.php\/wp-json\/wp\/v2\/types\/page"}],"author":[{"embeddable":true,"href":"https:\/\/hjelp.hm24.no\/index.php\/wp-json\/wp\/v2\/users\/1"}],"replies":[{"embeddable":true,"href":"https:\/\/hjelp.hm24.no\/index.php\/wp-json\/wp\/v2\/comments?post=258"}],"version-history":[{"count":0,"href":"https:\/\/hjelp.hm24.no\/index.php\/wp-json\/wp\/v2\/pages\/258\/revisions"}],"wp:attachment":[{"href":"https:\/\/hjelp.hm24.no\/index.php\/wp-json\/wp\/v2\/media?parent=258"}],"curies":[{"name":"wp","href":"https:\/\/api.w.org\/{rel}","templated":true}]}}